{"id":623,"date":"2024-10-02T14:25:00","date_gmt":"2024-10-02T12:25:00","guid":{"rendered":"https:\/\/antonov2.com\/?page_id=623"},"modified":"2024-11-27T18:41:57","modified_gmt":"2024-11-27T17:41:57","slug":"nous-contacter","status":"publish","type":"page","link":"https:\/\/antonov2.com\/index.php\/nous-contacter\/","title":{"rendered":"Nous contacter"},"content":{"rendered":"\t\t<div data-elementor-type=\"wp-page\" data-elementor-id=\"623\" class=\"elementor elementor-623\">\n\t\t\t\t<div class=\"elementor-element elementor-element-590623d e-flex e-con-boxed e-con e-parent\" data-id=\"590623d\" data-element_type=\"container\" data-e-type=\"container\">\n\t\t\t\t\t<div class=\"e-con-inner\">\n\t\t\t\t<div class=\"elementor-element elementor-element-82755ed elementor-widget elementor-widget-image\" data-id=\"82755ed\" data-element_type=\"widget\" data-e-type=\"widget\" data-widget_type=\"image.default\">\n\t\t\t\t<div class=\"elementor-widget-container\">\n\t\t\t\t\t\t\t\t\t\t\t\t\t\t\t<img fetchpriority=\"high\" decoding=\"async\" width=\"1024\" height=\"881\" src=\"https:\/\/antonov2.com\/wp-content\/uploads\/2024\/10\/20191227_172044-1024x881.jpg\" class=\"attachment-large size-large wp-image-581\" alt=\"\" srcset=\"https:\/\/antonov2.com\/wp-content\/uploads\/2024\/10\/20191227_172044-1024x881.jpg 1024w, https:\/\/antonov2.com\/wp-content\/uploads\/2024\/10\/20191227_172044-300x258.jpg 300w, https:\/\/antonov2.com\/wp-content\/uploads\/2024\/10\/20191227_172044-768x660.jpg 768w, https:\/\/antonov2.com\/wp-content\/uploads\/2024\/10\/20191227_172044.jpg 1307w\" sizes=\"(max-width: 1024px) 100vw, 1024px\" \/>\t\t\t\t\t\t\t\t\t\t\t\t\t\t\t<\/div>\n\t\t\t\t<\/div>\n\t\t\t\t<div class=\"elementor-element elementor-element-5d34fd5 elementor-widget elementor-widget-text-editor\" data-id=\"5d34fd5\" data-element_type=\"widget\" data-e-type=\"widget\" data-widget_type=\"text-editor.default\">\n\t\t\t\t<div class=\"elementor-widget-container\">\n\t\t\t\t\t\t\t\t\t<p>De fa\u00e7on \u00e0 \u00e9viter autant que possible les sollicitations commerciales, nous pr\u00e9f\u00e9rons une prise initiale de contact:<\/p><ul><li>en remplissant le formulaire ci-dessous,<\/li><li>par e-mail, ou<\/li><li>par Instagram.<\/li><\/ul><p>Une fois fait, nous pourrons nous contacter par t\u00e9l\u00e9phone si vous le d\u00e9sirez.<\/p>\t\t\t\t\t\t\t\t<\/div>\n\t\t\t\t<\/div>\n\t\t\t\t<div class=\"elementor-element elementor-element-ee3887e elementor-widget elementor-widget-spacer\" data-id=\"ee3887e\" data-element_type=\"widget\" data-e-type=\"widget\" data-widget_type=\"spacer.default\">\n\t\t\t\t<div class=\"elementor-widget-container\">\n\t\t\t\t\t\t\t<div class=\"elementor-spacer\">\n\t\t\t<div class=\"elementor-spacer-inner\"><\/div>\n\t\t<\/div>\n\t\t\t\t\t\t<\/div>\n\t\t\t\t<\/div>\n\t\t\t\t\t<\/div>\n\t\t\t\t<\/div>\n\t\t<div class=\"elementor-element elementor-element-48b8ce6 e-flex e-con-boxed e-con e-parent\" data-id=\"48b8ce6\" data-element_type=\"container\" data-e-type=\"container\">\n\t\t\t\t\t<div class=\"e-con-inner\">\n\t\t\t\t<div class=\"elementor-element elementor-element-a9c6d1e elementor-widget elementor-widget-heading\" data-id=\"a9c6d1e\" data-element_type=\"widget\" data-e-type=\"widget\" data-widget_type=\"heading.default\">\n\t\t\t\t<div class=\"elementor-widget-container\">\n\t\t\t\t\t<h3 class=\"elementor-heading-title elementor-size-default\">Formulaire de prise de contact<\/h3>\t\t\t\t<\/div>\n\t\t\t\t<\/div>\n\t\t\t\t<div class=\"elementor-element elementor-element-6f4af2a elementor-widget elementor-widget-shortcode\" data-id=\"6f4af2a\" data-element_type=\"widget\" data-e-type=\"widget\" data-widget_type=\"shortcode.default\">\n\t\t\t\t<div class=\"elementor-widget-container\">\n\t\t\t\t\t\t\t<div class=\"elementor-shortcode\"><\/div>\n\t\t\t\t\t\t<\/div>\n\t\t\t\t<\/div>\n\t\t\t\t<div class=\"elementor-element elementor-element-4a1bd3c elementor-widget elementor-widget-text-editor\" data-id=\"4a1bd3c\" data-element_type=\"widget\" data-e-type=\"widget\" data-widget_type=\"text-editor.default\">\n\t\t\t\t<div class=\"elementor-widget-container\">\n\t\t\t\t\t\t\t\t\t<p><strong>Un magnifique formulaire vous permettait jusqu&rsquo;il y a peu de prendre contact avec nous, mais \u00e0 force de se voir proposer des bitcoins et autres c&#8230; nous sommes au regret de le suspendre.<\/strong><\/p><p><strong>Le plus simple est \u00e0 pr\u00e9sent de nous envoyer un mail. D\u00e9sol\u00e9!<\/strong><\/p>\t\t\t\t\t\t\t\t<\/div>\n\t\t\t\t<\/div>\n\t\t\t\t\t<\/div>\n\t\t\t\t<\/div>\n\t\t<div class=\"elementor-element elementor-element-3daf227 e-flex e-con-boxed e-con e-parent\" data-id=\"3daf227\" data-element_type=\"container\" data-e-type=\"container\">\n\t\t\t\t\t<div class=\"e-con-inner\">\n\t\t\t\t<div class=\"elementor-element elementor-element-0247a5d animated-slow elementor-invisible elementor-widget elementor-widget-text-editor\" data-id=\"0247a5d\" data-element_type=\"widget\" data-e-type=\"widget\" data-settings=\"{&quot;_animation&quot;:&quot;zoomIn&quot;,&quot;_animation_delay&quot;:100}\" data-widget_type=\"text-editor.default\">\n\t\t\t\t<div class=\"elementor-widget-container\">\n\t\t\t\t\t\t\t\t\t<p>contact@antonov2.com<\/p>\t\t\t\t\t\t\t\t<\/div>\n\t\t\t\t<\/div>\n\t\t\t\t\t<\/div>\n\t\t\t\t<\/div>\n\t\t<div class=\"elementor-element elementor-element-1507f75 e-flex e-con-boxed e-con e-parent\" data-id=\"1507f75\" data-element_type=\"container\" data-e-type=\"container\">\n\t\t\t\t\t<div class=\"e-con-inner\">\n\t\t\t\t<div class=\"elementor-element elementor-element-8a8f5b8 elementor-shape-rounded elementor-grid-0 e-grid-align-center elementor-widget elementor-widget-social-icons\" data-id=\"8a8f5b8\" data-element_type=\"widget\" data-e-type=\"widget\" data-widget_type=\"social-icons.default\">\n\t\t\t\t<div class=\"elementor-widget-container\">\n\t\t\t\t\t\t\t<div class=\"elementor-social-icons-wrapper elementor-grid\">\n\t\t\t\t\t\t\t<span class=\"elementor-grid-item\">\n\t\t\t\t\t<a class=\"elementor-icon elementor-social-icon elementor-social-icon-instagram elementor-animation-pulse elementor-repeater-item-03a57d6\" href=\"https:\/\/www.instagram.com\/genairationan2\/\" target=\"_blank\">\n\t\t\t\t\t\t<span class=\"elementor-screen-only\">Instagram<\/span>\n\t\t\t\t\t\t<svg aria-hidden=\"true\" class=\"e-font-icon-svg e-fab-instagram\" viewBox=\"0 0 448 512\" xmlns=\"http:\/\/www.w3.org\/2000\/svg\"><path d=\"M224.1 141c-63.6 0-114.9 51.3-114.9 114.9s51.3 114.9 114.9 114.9S339 319.5 339 255.9 287.7 141 224.1 141zm0 189.6c-41.1 0-74.7-33.5-74.7-74.7s33.5-74.7 74.7-74.7 74.7 33.5 74.7 74.7-33.6 74.7-74.7 74.7zm146.4-194.3c0 14.9-12 26.8-26.8 26.8-14.9 0-26.8-12-26.8-26.8s12-26.8 26.8-26.8 26.8 12 26.8 26.8zm76.1 27.2c-1.7-35.9-9.9-67.7-36.2-93.9-26.2-26.2-58-34.4-93.9-36.2-37-2.1-147.9-2.1-184.9 0-35.8 1.7-67.6 9.9-93.9 36.1s-34.4 58-36.2 93.9c-2.1 37-2.1 147.9 0 184.9 1.7 35.9 9.9 67.7 36.2 93.9s58 34.4 93.9 36.2c37 2.1 147.9 2.1 184.9 0 35.9-1.7 67.7-9.9 93.9-36.2 26.2-26.2 34.4-58 36.2-93.9 2.1-37 2.1-147.8 0-184.8zM398.8 388c-7.8 19.6-22.9 34.7-42.6 42.6-29.5 11.7-99.5 9-132.1 9s-102.7 2.6-132.1-9c-19.6-7.8-34.7-22.9-42.6-42.6-11.7-29.5-9-99.5-9-132.1s-2.6-102.7 9-132.1c7.8-19.6 22.9-34.7 42.6-42.6 29.5-11.7 99.5-9 132.1-9s102.7-2.6 132.1 9c19.6 7.8 34.7 22.9 42.6 42.6 11.7 29.5 9 99.5 9 132.1s2.7 102.7-9 132.1z\"><\/path><\/svg>\t\t\t\t\t<\/a>\n\t\t\t\t<\/span>\n\t\t\t\t\t<\/div>\n\t\t\t\t\t\t<\/div>\n\t\t\t\t<\/div>\n\t\t\t\t\t<\/div>\n\t\t\t\t<\/div>\n\t\t\t\t<\/div>\n\t\t","protected":false},"excerpt":{"rendered":"<p>De fa\u00e7on \u00e0 \u00e9viter autant que possible les sollicitations commerciales, nous pr\u00e9f\u00e9rons une prise initiale de contact: en remplissant le formulaire ci-dessous, par e-mail, ou par Instagram. Une fois fait, nous pourrons nous contacter par t\u00e9l\u00e9phone si vous le d\u00e9sirez. Formulaire de prise de contact Un magnifique formulaire vous permettait jusqu&rsquo;il y a peu de [&hellip;]<\/p>\n","protected":false},"author":1,"featured_media":0,"parent":0,"menu_order":1,"comment_status":"closed","ping_status":"closed","template":"","meta":{"inline_featured_image":false,"footnotes":""},"class_list":["post-623","page","type-page","status-publish","hentry"],"yoast_head":"<!-- This site is optimized with the Yoast SEO plugin v27.5 - https:\/\/yoast.com\/product\/yoast-seo-wordpress\/ -->\n<title>Nous contacter - GenAIRation Antonov<\/title>\n<meta name=\"robots\" content=\"index, follow, max-snippet:-1, max-image-preview:large, max-video-preview:-1\" \/>\n<link rel=\"canonical\" href=\"https:\/\/antonov2.com\/index.php\/nous-contacter\/\" \/>\n<meta property=\"og:locale\" content=\"fr_FR\" \/>\n<meta property=\"og:type\" content=\"article\" \/>\n<meta property=\"og:title\" content=\"Nous contacter - GenAIRation Antonov\" \/>\n<meta property=\"og:description\" content=\"De fa\u00e7on \u00e0 \u00e9viter autant que possible les sollicitations commerciales, nous pr\u00e9f\u00e9rons une prise initiale de contact: en remplissant le formulaire ci-dessous, par e-mail, ou par Instagram. Une fois fait, nous pourrons nous contacter par t\u00e9l\u00e9phone si vous le d\u00e9sirez. Formulaire de prise de contact Un magnifique formulaire vous permettait jusqu&rsquo;il y a peu de [&hellip;]\" \/>\n<meta property=\"og:url\" content=\"https:\/\/antonov2.com\/index.php\/nous-contacter\/\" \/>\n<meta property=\"og:site_name\" content=\"GenAIRation Antonov\" \/>\n<meta property=\"article:modified_time\" content=\"2024-11-27T17:41:57+00:00\" \/>\n<meta property=\"og:image\" content=\"https:\/\/antonov2.com\/wp-content\/uploads\/2024\/10\/20191227_172044.jpg\" \/>\n\t<meta property=\"og:image:width\" content=\"1307\" \/>\n\t<meta property=\"og:image:height\" content=\"1124\" \/>\n\t<meta property=\"og:image:type\" content=\"image\/jpeg\" \/>\n<meta name=\"twitter:card\" content=\"summary_large_image\" \/>\n<meta name=\"twitter:label1\" content=\"Dur\u00e9e de lecture estim\u00e9e\" \/>\n\t<meta name=\"twitter:data1\" content=\"1 minute\" \/>\n<script type=\"application\/ld+json\" class=\"yoast-schema-graph\">{\"@context\":\"https:\\\/\\\/schema.org\",\"@graph\":[{\"@type\":\"WebPage\",\"@id\":\"https:\\\/\\\/antonov2.com\\\/index.php\\\/nous-contacter\\\/\",\"url\":\"https:\\\/\\\/antonov2.com\\\/index.php\\\/nous-contacter\\\/\",\"name\":\"Nous contacter - GenAIRation Antonov\",\"isPartOf\":{\"@id\":\"https:\\\/\\\/antonov2.com\\\/#website\"},\"primaryImageOfPage\":{\"@id\":\"https:\\\/\\\/antonov2.com\\\/index.php\\\/nous-contacter\\\/#primaryimage\"},\"image\":{\"@id\":\"https:\\\/\\\/antonov2.com\\\/index.php\\\/nous-contacter\\\/#primaryimage\"},\"thumbnailUrl\":\"https:\\\/\\\/antonov2.com\\\/wp-content\\\/uploads\\\/2024\\\/10\\\/20191227_172044-1024x881.jpg\",\"datePublished\":\"2024-10-02T12:25:00+00:00\",\"dateModified\":\"2024-11-27T17:41:57+00:00\",\"breadcrumb\":{\"@id\":\"https:\\\/\\\/antonov2.com\\\/index.php\\\/nous-contacter\\\/#breadcrumb\"},\"inLanguage\":\"fr-FR\",\"potentialAction\":[{\"@type\":\"ReadAction\",\"target\":[\"https:\\\/\\\/antonov2.com\\\/index.php\\\/nous-contacter\\\/\"]}]},{\"@type\":\"ImageObject\",\"inLanguage\":\"fr-FR\",\"@id\":\"https:\\\/\\\/antonov2.com\\\/index.php\\\/nous-contacter\\\/#primaryimage\",\"url\":\"https:\\\/\\\/antonov2.com\\\/wp-content\\\/uploads\\\/2024\\\/10\\\/20191227_172044.jpg\",\"contentUrl\":\"https:\\\/\\\/antonov2.com\\\/wp-content\\\/uploads\\\/2024\\\/10\\\/20191227_172044.jpg\",\"width\":1307,\"height\":1124},{\"@type\":\"BreadcrumbList\",\"@id\":\"https:\\\/\\\/antonov2.com\\\/index.php\\\/nous-contacter\\\/#breadcrumb\",\"itemListElement\":[{\"@type\":\"ListItem\",\"position\":1,\"name\":\"Accueil\",\"item\":\"https:\\\/\\\/antonov2.com\\\/\"},{\"@type\":\"ListItem\",\"position\":2,\"name\":\"Nous contacter\"}]},{\"@type\":\"WebSite\",\"@id\":\"https:\\\/\\\/antonov2.com\\\/#website\",\"url\":\"https:\\\/\\\/antonov2.com\\\/\",\"name\":\"antonov2.com\",\"description\":\"Flying the An2, the largest biplane on earth\",\"publisher\":{\"@id\":\"https:\\\/\\\/antonov2.com\\\/#organization\"},\"potentialAction\":[{\"@type\":\"SearchAction\",\"target\":{\"@type\":\"EntryPoint\",\"urlTemplate\":\"https:\\\/\\\/antonov2.com\\\/?s={search_term_string}\"},\"query-input\":{\"@type\":\"PropertyValueSpecification\",\"valueRequired\":true,\"valueName\":\"search_term_string\"}}],\"inLanguage\":\"fr-FR\"},{\"@type\":\"Organization\",\"@id\":\"https:\\\/\\\/antonov2.com\\\/#organization\",\"name\":\"GenAIRation Antonov\",\"url\":\"https:\\\/\\\/antonov2.com\\\/\",\"logo\":{\"@type\":\"ImageObject\",\"inLanguage\":\"fr-FR\",\"@id\":\"https:\\\/\\\/antonov2.com\\\/#\\\/schema\\\/logo\\\/image\\\/\",\"url\":\"https:\\\/\\\/antonov2.com\\\/wp-content\\\/uploads\\\/2024\\\/09\\\/cropped-24-3017.jpg\",\"contentUrl\":\"https:\\\/\\\/antonov2.com\\\/wp-content\\\/uploads\\\/2024\\\/09\\\/cropped-24-3017.jpg\",\"width\":512,\"height\":512,\"caption\":\"GenAIRation Antonov\"},\"image\":{\"@id\":\"https:\\\/\\\/antonov2.com\\\/#\\\/schema\\\/logo\\\/image\\\/\"}}]}<\/script>\n<!-- \/ Yoast SEO plugin. -->","yoast_head_json":{"title":"Nous contacter - GenAIRation Antonov","robots":{"index":"index","follow":"follow","max-snippet":"max-snippet:-1","max-image-preview":"max-image-preview:large","max-video-preview":"max-video-preview:-1"},"canonical":"https:\/\/antonov2.com\/index.php\/nous-contacter\/","og_locale":"fr_FR","og_type":"article","og_title":"Nous contacter - GenAIRation Antonov","og_description":"De fa\u00e7on \u00e0 \u00e9viter autant que possible les sollicitations commerciales, nous pr\u00e9f\u00e9rons une prise initiale de contact: en remplissant le formulaire ci-dessous, par e-mail, ou par Instagram. Une fois fait, nous pourrons nous contacter par t\u00e9l\u00e9phone si vous le d\u00e9sirez. Formulaire de prise de contact Un magnifique formulaire vous permettait jusqu&rsquo;il y a peu de [&hellip;]","og_url":"https:\/\/antonov2.com\/index.php\/nous-contacter\/","og_site_name":"GenAIRation Antonov","article_modified_time":"2024-11-27T17:41:57+00:00","og_image":[{"width":1307,"height":1124,"url":"https:\/\/antonov2.com\/wp-content\/uploads\/2024\/10\/20191227_172044.jpg","type":"image\/jpeg"}],"twitter_card":"summary_large_image","twitter_misc":{"Dur\u00e9e de lecture estim\u00e9e":"1 minute"},"schema":{"@context":"https:\/\/schema.org","@graph":[{"@type":"WebPage","@id":"https:\/\/antonov2.com\/index.php\/nous-contacter\/","url":"https:\/\/antonov2.com\/index.php\/nous-contacter\/","name":"Nous contacter - GenAIRation Antonov","isPartOf":{"@id":"https:\/\/antonov2.com\/#website"},"primaryImageOfPage":{"@id":"https:\/\/antonov2.com\/index.php\/nous-contacter\/#primaryimage"},"image":{"@id":"https:\/\/antonov2.com\/index.php\/nous-contacter\/#primaryimage"},"thumbnailUrl":"https:\/\/antonov2.com\/wp-content\/uploads\/2024\/10\/20191227_172044-1024x881.jpg","datePublished":"2024-10-02T12:25:00+00:00","dateModified":"2024-11-27T17:41:57+00:00","breadcrumb":{"@id":"https:\/\/antonov2.com\/index.php\/nous-contacter\/#breadcrumb"},"inLanguage":"fr-FR","potentialAction":[{"@type":"ReadAction","target":["https:\/\/antonov2.com\/index.php\/nous-contacter\/"]}]},{"@type":"ImageObject","inLanguage":"fr-FR","@id":"https:\/\/antonov2.com\/index.php\/nous-contacter\/#primaryimage","url":"https:\/\/antonov2.com\/wp-content\/uploads\/2024\/10\/20191227_172044.jpg","contentUrl":"https:\/\/antonov2.com\/wp-content\/uploads\/2024\/10\/20191227_172044.jpg","width":1307,"height":1124},{"@type":"BreadcrumbList","@id":"https:\/\/antonov2.com\/index.php\/nous-contacter\/#breadcrumb","itemListElement":[{"@type":"ListItem","position":1,"name":"Accueil","item":"https:\/\/antonov2.com\/"},{"@type":"ListItem","position":2,"name":"Nous contacter"}]},{"@type":"WebSite","@id":"https:\/\/antonov2.com\/#website","url":"https:\/\/antonov2.com\/","name":"antonov2.com","description":"Flying the An2, the largest biplane on earth","publisher":{"@id":"https:\/\/antonov2.com\/#organization"},"potentialAction":[{"@type":"SearchAction","target":{"@type":"EntryPoint","urlTemplate":"https:\/\/antonov2.com\/?s={search_term_string}"},"query-input":{"@type":"PropertyValueSpecification","valueRequired":true,"valueName":"search_term_string"}}],"inLanguage":"fr-FR"},{"@type":"Organization","@id":"https:\/\/antonov2.com\/#organization","name":"GenAIRation Antonov","url":"https:\/\/antonov2.com\/","logo":{"@type":"ImageObject","inLanguage":"fr-FR","@id":"https:\/\/antonov2.com\/#\/schema\/logo\/image\/","url":"https:\/\/antonov2.com\/wp-content\/uploads\/2024\/09\/cropped-24-3017.jpg","contentUrl":"https:\/\/antonov2.com\/wp-content\/uploads\/2024\/09\/cropped-24-3017.jpg","width":512,"height":512,"caption":"GenAIRation Antonov"},"image":{"@id":"https:\/\/antonov2.com\/#\/schema\/logo\/image\/"}}]}},"_links":{"self":[{"href":"https:\/\/antonov2.com\/index.php\/wp-json\/wp\/v2\/pages\/623","targetHints":{"allow":["GET"]}}],"collection":[{"href":"https:\/\/antonov2.com\/index.php\/wp-json\/wp\/v2\/pages"}],"about":[{"href":"https:\/\/antonov2.com\/index.php\/wp-json\/wp\/v2\/types\/page"}],"author":[{"embeddable":true,"href":"https:\/\/antonov2.com\/index.php\/wp-json\/wp\/v2\/users\/1"}],"replies":[{"embeddable":true,"href":"https:\/\/antonov2.com\/index.php\/wp-json\/wp\/v2\/comments?post=623"}],"version-history":[{"count":34,"href":"https:\/\/antonov2.com\/index.php\/wp-json\/wp\/v2\/pages\/623\/revisions"}],"predecessor-version":[{"id":955,"href":"https:\/\/antonov2.com\/index.php\/wp-json\/wp\/v2\/pages\/623\/revisions\/955"}],"wp:attachment":[{"href":"https:\/\/antonov2.com\/index.php\/wp-json\/wp\/v2\/media?parent=623"}],"curies":[{"name":"wp","href":"https:\/\/api.w.org\/{rel}","templated":true}]}}