{"id":379,"date":"2024-09-26T21:33:18","date_gmt":"2024-09-26T19:33:18","guid":{"rendered":"https:\/\/antonov2.com\/?page_id=379"},"modified":"2024-10-15T15:47:49","modified_gmt":"2024-10-15T13:47:49","slug":"vols-daccompagnement","status":"publish","type":"page","link":"https:\/\/antonov2.com\/index.php\/vols-daccompagnement\/","title":{"rendered":"Vols d&rsquo;accompagnement"},"content":{"rendered":"\t\t<div data-elementor-type=\"wp-page\" data-elementor-id=\"379\" class=\"elementor elementor-379\">\n\t\t\t\t<div class=\"elementor-element elementor-element-77056a4 e-flex e-con-boxed e-con e-parent\" data-id=\"77056a4\" data-element_type=\"container\" data-e-type=\"container\">\n\t\t\t\t\t<div class=\"e-con-inner\">\n\t\t\t\t<div class=\"elementor-element elementor-element-8ea0dab elementor-widget elementor-widget-heading\" data-id=\"8ea0dab\" data-element_type=\"widget\" data-e-type=\"widget\" data-widget_type=\"heading.default\">\n\t\t\t\t<div class=\"elementor-widget-container\">\n\t\t\t\t\t<h2 class=\"elementor-heading-title elementor-size-default\">de rallyes, de raids, d'organisations<\/h2>\t\t\t\t<\/div>\n\t\t\t\t<\/div>\n\t\t\t\t<div class=\"elementor-element elementor-element-c92b29f elementor-widget elementor-widget-spacer\" data-id=\"c92b29f\" data-element_type=\"widget\" data-e-type=\"widget\" data-widget_type=\"spacer.default\">\n\t\t\t\t<div class=\"elementor-widget-container\">\n\t\t\t\t\t\t\t<div class=\"elementor-spacer\">\n\t\t\t<div class=\"elementor-spacer-inner\"><\/div>\n\t\t<\/div>\n\t\t\t\t\t\t<\/div>\n\t\t\t\t<\/div>\n\t\t\t\t<div class=\"elementor-element elementor-element-50b36b5 elementor-widget elementor-widget-image\" data-id=\"50b36b5\" data-element_type=\"widget\" data-e-type=\"widget\" data-widget_type=\"image.default\">\n\t\t\t\t<div class=\"elementor-widget-container\">\n\t\t\t\t\t\t\t\t\t\t\t\t\t\t\t<img fetchpriority=\"high\" decoding=\"async\" width=\"1024\" height=\"768\" src=\"https:\/\/antonov2.com\/wp-content\/uploads\/2024\/09\/TAJP_2004-07-28-07-1024x768.jpg\" class=\"attachment-large size-large wp-image-386\" alt=\"\" srcset=\"https:\/\/antonov2.com\/wp-content\/uploads\/2024\/09\/TAJP_2004-07-28-07-1024x768.jpg 1024w, https:\/\/antonov2.com\/wp-content\/uploads\/2024\/09\/TAJP_2004-07-28-07-300x225.jpg 300w, https:\/\/antonov2.com\/wp-content\/uploads\/2024\/09\/TAJP_2004-07-28-07-768x576.jpg 768w, https:\/\/antonov2.com\/wp-content\/uploads\/2024\/09\/TAJP_2004-07-28-07-1536x1152.jpg 1536w, https:\/\/antonov2.com\/wp-content\/uploads\/2024\/09\/TAJP_2004-07-28-07-2048x1536.jpg 2048w\" sizes=\"(max-width: 1024px) 100vw, 1024px\" \/>\t\t\t\t\t\t\t\t\t\t\t\t\t\t\t<\/div>\n\t\t\t\t<\/div>\n\t\t\t\t<div class=\"elementor-element elementor-element-b254bae elementor-widget elementor-widget-spacer\" data-id=\"b254bae\" data-element_type=\"widget\" data-e-type=\"widget\" data-widget_type=\"spacer.default\">\n\t\t\t\t<div class=\"elementor-widget-container\">\n\t\t\t\t\t\t\t<div class=\"elementor-spacer\">\n\t\t\t<div class=\"elementor-spacer-inner\"><\/div>\n\t\t<\/div>\n\t\t\t\t\t\t<\/div>\n\t\t\t\t<\/div>\n\t\t\t\t<div class=\"elementor-element elementor-element-55f7cf8 elementor-widget elementor-widget-heading\" data-id=\"55f7cf8\" data-element_type=\"widget\" data-e-type=\"widget\" data-widget_type=\"heading.default\">\n\t\t\t\t<div class=\"elementor-widget-container\">\n\t\t\t\t\t<h3 class=\"elementor-heading-title elementor-size-default\">La camion \u00e0 ailes<\/h3>\t\t\t\t<\/div>\n\t\t\t\t<\/div>\n\t\t\t\t<div class=\"elementor-element elementor-element-08dee74 elementor-widget elementor-widget-text-editor\" data-id=\"08dee74\" data-element_type=\"widget\" data-e-type=\"widget\" data-widget_type=\"text-editor.default\">\n\t\t\t\t<div class=\"elementor-widget-container\">\n\t\t\t\t\t\t\t\t\t<p>Avec sa porte cargo, ses multiples solutions d&rsquo;arrimage au sol, ses si\u00e8ges repliables sur le c\u00f4t\u00e9, sa capacit\u00e9 d&#8217;emport d&rsquo;une combinaison de 10 passagers \/ 1.500 Kg de Fret, l&rsquo;An-2 TD est par essence m\u00eame le multi-transporteur rustique, capable de se poser sur des pistes courtes et en herbe.<\/p><p>Sollicit\u00e9, il fut un temps, par l&rsquo;organisation du Rallye-Raid \u00ab\u00a0Paris-Dakar\u00a0\u00bb dans son ancienne version africaine, il \u00e9tait question que notre avion transporte l&rsquo;ensemble du mat\u00e9riel audiovisuel sur les \u00e9tapes.<\/p><p>Depuis 2004, nous faisons partie de la caravane du\u00a0 TAJP (\u00ab\u00a0<a href=\"https:\/\/tajp.ffa-aero.fr\/SITE_WEB_TOUR_AERIEN_25_WEB\/FR\/frm_TAJP_Videos.awp\" target=\"_blank\" rel=\"noopener\">Tour de France A\u00e9rien des Jeunes Pilotes<\/a>\u00ab\u00a0), organis\u00e9 par la FFA (\u00ab\u00a0<a href=\"https:\/\/www.ffa-aero.fr\/FR\/Federation_Aeronautique.awp\" target=\"_blank\" rel=\"noopener\">F\u00e9d\u00e9ration Fran\u00e7aise A\u00e9ronautique<\/a>\u00ab\u00a0) pour convoyer personnels et mat\u00e9riels, comme vous pouvez le voir sur la photo ci-dessus.<\/p>\t\t\t\t\t\t\t\t<\/div>\n\t\t\t\t<\/div>\n\t\t\t\t\t<\/div>\n\t\t\t\t<\/div>\n\t\t<div class=\"elementor-element elementor-element-61b53cc e-flex e-con-boxed e-con e-parent\" data-id=\"61b53cc\" data-element_type=\"container\" data-e-type=\"container\">\n\t\t\t\t\t<div class=\"e-con-inner\">\n\t\t\t\t<div class=\"elementor-element elementor-element-65ce89e elementor-arrows-position-inside elementor-pagination-position-outside elementor-widget elementor-widget-image-carousel\" data-id=\"65ce89e\" data-element_type=\"widget\" data-e-type=\"widget\" data-settings=\"{&quot;image_spacing_custom&quot;:{&quot;unit&quot;:&quot;px&quot;,&quot;size&quot;:8,&quot;sizes&quot;:[]},&quot;navigation&quot;:&quot;both&quot;,&quot;autoplay&quot;:&quot;yes&quot;,&quot;pause_on_hover&quot;:&quot;yes&quot;,&quot;pause_on_interaction&quot;:&quot;yes&quot;,&quot;autoplay_speed&quot;:5000,&quot;infinite&quot;:&quot;yes&quot;,&quot;speed&quot;:500,&quot;image_spacing_custom_tablet&quot;:{&quot;unit&quot;:&quot;px&quot;,&quot;size&quot;:&quot;&quot;,&quot;sizes&quot;:[]},&quot;image_spacing_custom_mobile&quot;:{&quot;unit&quot;:&quot;px&quot;,&quot;size&quot;:&quot;&quot;,&quot;sizes&quot;:[]}}\" data-widget_type=\"image-carousel.default\">\n\t\t\t\t<div class=\"elementor-widget-container\">\n\t\t\t\t\t\t\t<div class=\"elementor-image-carousel-wrapper swiper\" role=\"region\" aria-roledescription=\"carousel\" aria-label=\"Carrousel d\u2019images\" dir=\"ltr\">\n\t\t\t<div class=\"elementor-image-carousel swiper-wrapper swiper-image-stretch\" aria-live=\"off\">\n\t\t\t\t\t\t\t\t<div class=\"swiper-slide\" role=\"group\" aria-roledescription=\"slide\" aria-label=\"1 sur 6\"><a data-elementor-open-lightbox=\"yes\" data-elementor-lightbox-slideshow=\"65ce89e\" data-e-action-hash=\"#elementor-action%3Aaction%3Dlightbox%26settings%3DeyJpZCI6Mzg1LCJ1cmwiOiJodHRwczpcL1wvYW50b25vdjIuY29tXC93cC1jb250ZW50XC91cGxvYWRzXC8yMDI0XC8wOVwvVEFKUF8yMDA0LTA3LTI4LTA0LmpwZyIsInNsaWRlc2hvdyI6IjY1Y2U4OWUifQ%3D%3D\" href=\"https:\/\/antonov2.com\/wp-content\/uploads\/2024\/09\/TAJP_2004-07-28-04.jpg\"><figure class=\"swiper-slide-inner\"><img decoding=\"async\" class=\"swiper-slide-image\" src=\"https:\/\/antonov2.com\/wp-content\/uploads\/2024\/09\/TAJP_2004-07-28-04-1024x768.jpg\" alt=\"\" \/><\/figure><\/a><\/div><div class=\"swiper-slide\" role=\"group\" aria-roledescription=\"slide\" aria-label=\"2 sur 6\"><a data-elementor-open-lightbox=\"yes\" data-elementor-lightbox-slideshow=\"65ce89e\" data-e-action-hash=\"#elementor-action%3Aaction%3Dlightbox%26settings%3DeyJpZCI6OTA0LCJ1cmwiOiJodHRwczpcL1wvYW50b25vdjIuY29tXC93cC1jb250ZW50XC91cGxvYWRzXC8yMDI0XC8xMFwvV2hhdHNBcHAtSW1hZ2UtMjAyNC0xMC0xMi1hdC0xNi4yMC4yNC0xLmpwZWciLCJzbGlkZXNob3ciOiI2NWNlODllIn0%3D\" href=\"https:\/\/antonov2.com\/wp-content\/uploads\/2024\/10\/WhatsApp-Image-2024-10-12-at-16.20.24-1.jpeg\"><figure class=\"swiper-slide-inner\"><img decoding=\"async\" class=\"swiper-slide-image\" src=\"https:\/\/antonov2.com\/wp-content\/uploads\/2024\/10\/WhatsApp-Image-2024-10-12-at-16.20.24-1-1024x768.jpeg\" alt=\"\" \/><\/figure><\/a><\/div><div class=\"swiper-slide\" role=\"group\" aria-roledescription=\"slide\" aria-label=\"3 sur 6\"><a data-elementor-open-lightbox=\"yes\" data-elementor-lightbox-slideshow=\"65ce89e\" data-e-action-hash=\"#elementor-action%3Aaction%3Dlightbox%26settings%3DeyJpZCI6NTg2LCJ1cmwiOiJodHRwczpcL1wvYW50b25vdjIuY29tXC93cC1jb250ZW50XC91cGxvYWRzXC8yMDI0XC8xMFwvRFNDTjE5NzcuanBnIiwic2xpZGVzaG93IjoiNjVjZTg5ZSJ9\" href=\"https:\/\/antonov2.com\/wp-content\/uploads\/2024\/10\/DSCN1977.jpg\"><figure class=\"swiper-slide-inner\"><img decoding=\"async\" class=\"swiper-slide-image\" src=\"https:\/\/antonov2.com\/wp-content\/uploads\/2024\/10\/DSCN1977.jpg\" alt=\"\" \/><\/figure><\/a><\/div><div class=\"swiper-slide\" role=\"group\" aria-roledescription=\"slide\" aria-label=\"4 sur 6\"><a data-elementor-open-lightbox=\"yes\" data-elementor-lightbox-slideshow=\"65ce89e\" data-e-action-hash=\"#elementor-action%3Aaction%3Dlightbox%26settings%3DeyJpZCI6NTkwLCJ1cmwiOiJodHRwczpcL1wvYW50b25vdjIuY29tXC93cC1jb250ZW50XC91cGxvYWRzXC8yMDI0XC8xMFwvMjAxODA3MTlfMTI1NTMxMS1zY2FsZWQuanBnIiwic2xpZGVzaG93IjoiNjVjZTg5ZSJ9\" href=\"https:\/\/antonov2.com\/wp-content\/uploads\/2024\/10\/20180719_1255311-scaled.jpg\"><figure class=\"swiper-slide-inner\"><img decoding=\"async\" class=\"swiper-slide-image\" src=\"https:\/\/antonov2.com\/wp-content\/uploads\/2024\/10\/20180719_1255311-1024x768.jpg\" alt=\"\" \/><\/figure><\/a><\/div><div class=\"swiper-slide\" role=\"group\" aria-roledescription=\"slide\" aria-label=\"5 sur 6\"><a data-elementor-open-lightbox=\"yes\" data-elementor-lightbox-slideshow=\"65ce89e\" data-e-action-hash=\"#elementor-action%3Aaction%3Dlightbox%26settings%3DeyJpZCI6NTkxLCJ1cmwiOiJodHRwczpcL1wvYW50b25vdjIuY29tXC93cC1jb250ZW50XC91cGxvYWRzXC8yMDI0XC8xMFwvMjAxODA3MTlfMTI1NjEzMS1zY2FsZWQuanBnIiwic2xpZGVzaG93IjoiNjVjZTg5ZSJ9\" href=\"https:\/\/antonov2.com\/wp-content\/uploads\/2024\/10\/20180719_1256131-scaled.jpg\"><figure class=\"swiper-slide-inner\"><img decoding=\"async\" class=\"swiper-slide-image\" src=\"https:\/\/antonov2.com\/wp-content\/uploads\/2024\/10\/20180719_1256131-1024x768.jpg\" alt=\"\" \/><\/figure><\/a><\/div><div class=\"swiper-slide\" role=\"group\" aria-roledescription=\"slide\" aria-label=\"6 sur 6\"><a data-elementor-open-lightbox=\"yes\" data-elementor-lightbox-slideshow=\"65ce89e\" data-e-action-hash=\"#elementor-action%3Aaction%3Dlightbox%26settings%3DeyJpZCI6Mzg3LCJ1cmwiOiJodHRwczpcL1wvYW50b25vdjIuY29tXC93cC1jb250ZW50XC91cGxvYWRzXC8yMDI0XC8wOVwvVEFKUF8yMDA0LTA3LTI4LTA5LmpwZyIsInNsaWRlc2hvdyI6IjY1Y2U4OWUifQ%3D%3D\" href=\"https:\/\/antonov2.com\/wp-content\/uploads\/2024\/09\/TAJP_2004-07-28-09.jpg\"><figure class=\"swiper-slide-inner\"><img decoding=\"async\" class=\"swiper-slide-image\" src=\"https:\/\/antonov2.com\/wp-content\/uploads\/2024\/09\/TAJP_2004-07-28-09-1024x768.jpg\" alt=\"\" \/><\/figure><\/a><\/div>\t\t\t<\/div>\n\t\t\t\t\t\t\t\t\t\t\t\t<div class=\"elementor-swiper-button elementor-swiper-button-prev\" role=\"button\" tabindex=\"0\">\n\t\t\t\t\t\t<svg aria-hidden=\"true\" class=\"e-font-icon-svg e-eicon-chevron-left\" viewBox=\"0 0 1000 1000\" xmlns=\"http:\/\/www.w3.org\/2000\/svg\"><path d=\"M646 125C629 125 613 133 604 142L308 442C296 454 292 471 292 487 292 504 296 521 308 533L604 854C617 867 629 875 646 875 663 875 679 871 692 858 704 846 713 829 713 812 713 796 708 779 692 767L438 487 692 225C700 217 708 204 708 187 708 171 704 154 692 142 675 129 663 125 646 125Z\"><\/path><\/svg>\t\t\t\t\t<\/div>\n\t\t\t\t\t<div class=\"elementor-swiper-button elementor-swiper-button-next\" role=\"button\" tabindex=\"0\">\n\t\t\t\t\t\t<svg aria-hidden=\"true\" class=\"e-font-icon-svg e-eicon-chevron-right\" viewBox=\"0 0 1000 1000\" xmlns=\"http:\/\/www.w3.org\/2000\/svg\"><path d=\"M696 533C708 521 713 504 713 487 713 471 708 454 696 446L400 146C388 133 375 125 354 125 338 125 325 129 313 142 300 154 292 171 292 187 292 204 296 221 308 233L563 492 304 771C292 783 288 800 288 817 288 833 296 850 308 863 321 871 338 875 354 875 371 875 388 867 400 854L696 533Z\"><\/path><\/svg>\t\t\t\t\t<\/div>\n\t\t\t\t\n\t\t\t\t\t\t\t\t\t<div class=\"swiper-pagination\"><\/div>\n\t\t\t\t\t\t\t\t\t<\/div>\n\t\t\t\t\t\t<\/div>\n\t\t\t\t<\/div>\n\t\t\t\t\t<\/div>\n\t\t\t\t<\/div>\n\t\t\t\t<\/div>\n\t\t","protected":false},"excerpt":{"rendered":"<p>de rallyes, de raids, d&rsquo;organisations La camion \u00e0 ailes Avec sa porte cargo, ses multiples solutions d&rsquo;arrimage au sol, ses si\u00e8ges repliables sur le c\u00f4t\u00e9, sa capacit\u00e9 d&#8217;emport d&rsquo;une combinaison de 10 passagers \/ 1.500 Kg de Fret, l&rsquo;An-2 TD est par essence m\u00eame le multi-transporteur rustique, capable de se poser sur des pistes courtes [&hellip;]<\/p>\n","protected":false},"author":1,"featured_media":0,"parent":0,"menu_order":0,"comment_status":"closed","ping_status":"closed","template":"","meta":{"inline_featured_image":false,"footnotes":""},"class_list":["post-379","page","type-page","status-publish","hentry"],"yoast_head":"<!-- This site is optimized with the Yoast SEO plugin v27.4 - https:\/\/yoast.com\/product\/yoast-seo-wordpress\/ -->\n<title>Vols d&#039;accompagnement - GenAIRation Antonov<\/title>\n<meta name=\"robots\" content=\"index, follow, max-snippet:-1, max-image-preview:large, max-video-preview:-1\" \/>\n<link rel=\"canonical\" href=\"https:\/\/antonov2.com\/index.php\/vols-daccompagnement\/\" \/>\n<meta property=\"og:locale\" content=\"fr_FR\" \/>\n<meta property=\"og:type\" content=\"article\" \/>\n<meta property=\"og:title\" content=\"Vols d&#039;accompagnement - GenAIRation Antonov\" \/>\n<meta property=\"og:description\" content=\"de rallyes, de raids, d&rsquo;organisations La camion \u00e0 ailes Avec sa porte cargo, ses multiples solutions d&rsquo;arrimage au sol, ses si\u00e8ges repliables sur le c\u00f4t\u00e9, sa capacit\u00e9 d&#8217;emport d&rsquo;une combinaison de 10 passagers \/ 1.500 Kg de Fret, l&rsquo;An-2 TD est par essence m\u00eame le multi-transporteur rustique, capable de se poser sur des pistes courtes [&hellip;]\" \/>\n<meta property=\"og:url\" content=\"https:\/\/antonov2.com\/index.php\/vols-daccompagnement\/\" \/>\n<meta property=\"og:site_name\" content=\"GenAIRation Antonov\" \/>\n<meta property=\"article:modified_time\" content=\"2024-10-15T13:47:49+00:00\" \/>\n<meta property=\"og:image\" content=\"https:\/\/antonov2.com\/wp-content\/uploads\/2024\/09\/TAJP_2004-07-28-07-1024x768.jpg\" \/>\n<meta name=\"twitter:card\" content=\"summary_large_image\" \/>\n<meta name=\"twitter:label1\" content=\"Dur\u00e9e de lecture estim\u00e9e\" \/>\n\t<meta name=\"twitter:data1\" content=\"4 minutes\" \/>\n<script type=\"application\/ld+json\" class=\"yoast-schema-graph\">{\"@context\":\"https:\\\/\\\/schema.org\",\"@graph\":[{\"@type\":\"WebPage\",\"@id\":\"https:\\\/\\\/antonov2.com\\\/index.php\\\/vols-daccompagnement\\\/\",\"url\":\"https:\\\/\\\/antonov2.com\\\/index.php\\\/vols-daccompagnement\\\/\",\"name\":\"Vols d'accompagnement - GenAIRation Antonov\",\"isPartOf\":{\"@id\":\"https:\\\/\\\/antonov2.com\\\/#website\"},\"primaryImageOfPage\":{\"@id\":\"https:\\\/\\\/antonov2.com\\\/index.php\\\/vols-daccompagnement\\\/#primaryimage\"},\"image\":{\"@id\":\"https:\\\/\\\/antonov2.com\\\/index.php\\\/vols-daccompagnement\\\/#primaryimage\"},\"thumbnailUrl\":\"https:\\\/\\\/antonov2.com\\\/wp-content\\\/uploads\\\/2024\\\/09\\\/TAJP_2004-07-28-07-1024x768.jpg\",\"datePublished\":\"2024-09-26T19:33:18+00:00\",\"dateModified\":\"2024-10-15T13:47:49+00:00\",\"breadcrumb\":{\"@id\":\"https:\\\/\\\/antonov2.com\\\/index.php\\\/vols-daccompagnement\\\/#breadcrumb\"},\"inLanguage\":\"fr-FR\",\"potentialAction\":[{\"@type\":\"ReadAction\",\"target\":[\"https:\\\/\\\/antonov2.com\\\/index.php\\\/vols-daccompagnement\\\/\"]}]},{\"@type\":\"ImageObject\",\"inLanguage\":\"fr-FR\",\"@id\":\"https:\\\/\\\/antonov2.com\\\/index.php\\\/vols-daccompagnement\\\/#primaryimage\",\"url\":\"https:\\\/\\\/antonov2.com\\\/wp-content\\\/uploads\\\/2024\\\/09\\\/TAJP_2004-07-28-07.jpg\",\"contentUrl\":\"https:\\\/\\\/antonov2.com\\\/wp-content\\\/uploads\\\/2024\\\/09\\\/TAJP_2004-07-28-07.jpg\",\"width\":2249,\"height\":1687},{\"@type\":\"BreadcrumbList\",\"@id\":\"https:\\\/\\\/antonov2.com\\\/index.php\\\/vols-daccompagnement\\\/#breadcrumb\",\"itemListElement\":[{\"@type\":\"ListItem\",\"position\":1,\"name\":\"Accueil\",\"item\":\"https:\\\/\\\/antonov2.com\\\/\"},{\"@type\":\"ListItem\",\"position\":2,\"name\":\"Vols d&#8217;accompagnement\"}]},{\"@type\":\"WebSite\",\"@id\":\"https:\\\/\\\/antonov2.com\\\/#website\",\"url\":\"https:\\\/\\\/antonov2.com\\\/\",\"name\":\"antonov2.com\",\"description\":\"Flying the An2, the largest biplane on earth\",\"publisher\":{\"@id\":\"https:\\\/\\\/antonov2.com\\\/#organization\"},\"potentialAction\":[{\"@type\":\"SearchAction\",\"target\":{\"@type\":\"EntryPoint\",\"urlTemplate\":\"https:\\\/\\\/antonov2.com\\\/?s={search_term_string}\"},\"query-input\":{\"@type\":\"PropertyValueSpecification\",\"valueRequired\":true,\"valueName\":\"search_term_string\"}}],\"inLanguage\":\"fr-FR\"},{\"@type\":\"Organization\",\"@id\":\"https:\\\/\\\/antonov2.com\\\/#organization\",\"name\":\"GenAIRation Antonov\",\"url\":\"https:\\\/\\\/antonov2.com\\\/\",\"logo\":{\"@type\":\"ImageObject\",\"inLanguage\":\"fr-FR\",\"@id\":\"https:\\\/\\\/antonov2.com\\\/#\\\/schema\\\/logo\\\/image\\\/\",\"url\":\"https:\\\/\\\/antonov2.com\\\/wp-content\\\/uploads\\\/2024\\\/09\\\/cropped-24-3017.jpg\",\"contentUrl\":\"https:\\\/\\\/antonov2.com\\\/wp-content\\\/uploads\\\/2024\\\/09\\\/cropped-24-3017.jpg\",\"width\":512,\"height\":512,\"caption\":\"GenAIRation Antonov\"},\"image\":{\"@id\":\"https:\\\/\\\/antonov2.com\\\/#\\\/schema\\\/logo\\\/image\\\/\"}}]}<\/script>\n<!-- \/ Yoast SEO plugin. -->","yoast_head_json":{"title":"Vols d'accompagnement - GenAIRation Antonov","robots":{"index":"index","follow":"follow","max-snippet":"max-snippet:-1","max-image-preview":"max-image-preview:large","max-video-preview":"max-video-preview:-1"},"canonical":"https:\/\/antonov2.com\/index.php\/vols-daccompagnement\/","og_locale":"fr_FR","og_type":"article","og_title":"Vols d'accompagnement - GenAIRation Antonov","og_description":"de rallyes, de raids, d&rsquo;organisations La camion \u00e0 ailes Avec sa porte cargo, ses multiples solutions d&rsquo;arrimage au sol, ses si\u00e8ges repliables sur le c\u00f4t\u00e9, sa capacit\u00e9 d&#8217;emport d&rsquo;une combinaison de 10 passagers \/ 1.500 Kg de Fret, l&rsquo;An-2 TD est par essence m\u00eame le multi-transporteur rustique, capable de se poser sur des pistes courtes [&hellip;]","og_url":"https:\/\/antonov2.com\/index.php\/vols-daccompagnement\/","og_site_name":"GenAIRation Antonov","article_modified_time":"2024-10-15T13:47:49+00:00","og_image":[{"url":"https:\/\/antonov2.com\/wp-content\/uploads\/2024\/09\/TAJP_2004-07-28-07-1024x768.jpg","type":"","width":"","height":""}],"twitter_card":"summary_large_image","twitter_misc":{"Dur\u00e9e de lecture estim\u00e9e":"4 minutes"},"schema":{"@context":"https:\/\/schema.org","@graph":[{"@type":"WebPage","@id":"https:\/\/antonov2.com\/index.php\/vols-daccompagnement\/","url":"https:\/\/antonov2.com\/index.php\/vols-daccompagnement\/","name":"Vols d'accompagnement - GenAIRation Antonov","isPartOf":{"@id":"https:\/\/antonov2.com\/#website"},"primaryImageOfPage":{"@id":"https:\/\/antonov2.com\/index.php\/vols-daccompagnement\/#primaryimage"},"image":{"@id":"https:\/\/antonov2.com\/index.php\/vols-daccompagnement\/#primaryimage"},"thumbnailUrl":"https:\/\/antonov2.com\/wp-content\/uploads\/2024\/09\/TAJP_2004-07-28-07-1024x768.jpg","datePublished":"2024-09-26T19:33:18+00:00","dateModified":"2024-10-15T13:47:49+00:00","breadcrumb":{"@id":"https:\/\/antonov2.com\/index.php\/vols-daccompagnement\/#breadcrumb"},"inLanguage":"fr-FR","potentialAction":[{"@type":"ReadAction","target":["https:\/\/antonov2.com\/index.php\/vols-daccompagnement\/"]}]},{"@type":"ImageObject","inLanguage":"fr-FR","@id":"https:\/\/antonov2.com\/index.php\/vols-daccompagnement\/#primaryimage","url":"https:\/\/antonov2.com\/wp-content\/uploads\/2024\/09\/TAJP_2004-07-28-07.jpg","contentUrl":"https:\/\/antonov2.com\/wp-content\/uploads\/2024\/09\/TAJP_2004-07-28-07.jpg","width":2249,"height":1687},{"@type":"BreadcrumbList","@id":"https:\/\/antonov2.com\/index.php\/vols-daccompagnement\/#breadcrumb","itemListElement":[{"@type":"ListItem","position":1,"name":"Accueil","item":"https:\/\/antonov2.com\/"},{"@type":"ListItem","position":2,"name":"Vols d&#8217;accompagnement"}]},{"@type":"WebSite","@id":"https:\/\/antonov2.com\/#website","url":"https:\/\/antonov2.com\/","name":"antonov2.com","description":"Flying the An2, the largest biplane on earth","publisher":{"@id":"https:\/\/antonov2.com\/#organization"},"potentialAction":[{"@type":"SearchAction","target":{"@type":"EntryPoint","urlTemplate":"https:\/\/antonov2.com\/?s={search_term_string}"},"query-input":{"@type":"PropertyValueSpecification","valueRequired":true,"valueName":"search_term_string"}}],"inLanguage":"fr-FR"},{"@type":"Organization","@id":"https:\/\/antonov2.com\/#organization","name":"GenAIRation Antonov","url":"https:\/\/antonov2.com\/","logo":{"@type":"ImageObject","inLanguage":"fr-FR","@id":"https:\/\/antonov2.com\/#\/schema\/logo\/image\/","url":"https:\/\/antonov2.com\/wp-content\/uploads\/2024\/09\/cropped-24-3017.jpg","contentUrl":"https:\/\/antonov2.com\/wp-content\/uploads\/2024\/09\/cropped-24-3017.jpg","width":512,"height":512,"caption":"GenAIRation Antonov"},"image":{"@id":"https:\/\/antonov2.com\/#\/schema\/logo\/image\/"}}]}},"_links":{"self":[{"href":"https:\/\/antonov2.com\/index.php\/wp-json\/wp\/v2\/pages\/379","targetHints":{"allow":["GET"]}}],"collection":[{"href":"https:\/\/antonov2.com\/index.php\/wp-json\/wp\/v2\/pages"}],"about":[{"href":"https:\/\/antonov2.com\/index.php\/wp-json\/wp\/v2\/types\/page"}],"author":[{"embeddable":true,"href":"https:\/\/antonov2.com\/index.php\/wp-json\/wp\/v2\/users\/1"}],"replies":[{"embeddable":true,"href":"https:\/\/antonov2.com\/index.php\/wp-json\/wp\/v2\/comments?post=379"}],"version-history":[{"count":31,"href":"https:\/\/antonov2.com\/index.php\/wp-json\/wp\/v2\/pages\/379\/revisions"}],"predecessor-version":[{"id":925,"href":"https:\/\/antonov2.com\/index.php\/wp-json\/wp\/v2\/pages\/379\/revisions\/925"}],"wp:attachment":[{"href":"https:\/\/antonov2.com\/index.php\/wp-json\/wp\/v2\/media?parent=379"}],"curies":[{"name":"wp","href":"https:\/\/api.w.org\/{rel}","templated":true}]}}